{"id":172,"date":"2025-04-17T11:52:36","date_gmt":"2025-04-17T11:52:36","guid":{"rendered":"https:\/\/belginatalay.com\/?page_id=172"},"modified":"2025-04-17T21:18:58","modified_gmt":"2025-04-17T21:18:58","slug":"ana-sayfa","status":"publish","type":"page","link":"https:\/\/belginatalay.com\/","title":{"rendered":"Ana Sayfa"},"content":{"rendered":"\n<div class=\"alignnormal\"><div id=\"metaslider-id-231\" style=\"width: 100%;\" class=\"ml-slider-3-106-0 metaslider metaslider-flex metaslider-231 ml-slider has-dots-nav ms-theme-default-base\" role=\"region\" aria-label=\"New Slideshow\" data-height=\"300\" data-width=\"700\">\n    <div id=\"metaslider_container_231\">\n        <div id=\"metaslider_231\">\n            <ul class='slides'>\n                <li style=\"display: block; width: 100%;\" class=\"slide-232 ms-image \" aria-roledescription=\"slide\" data-date=\"2025-04-17 14:01:10\" data-filename=\"Slider-14122016201538337-2-700x300.jpg\" data-slide-type=\"image\"><img loading=\"lazy\" decoding=\"async\" src=\"https:\/\/belginatalay.com\/wp-content\/uploads\/2025\/04\/Slider-14122016201538337-2-700x300.jpg\" height=\"300\" width=\"700\" alt=\"\" class=\"slider-231 slide-232 msDefaultImage\" title=\"Slider-14122016201538337\" \/><\/li>\n                <li style=\"display: none; width: 100%;\" class=\"slide-233 ms-image \" aria-roledescription=\"slide\" data-date=\"2025-04-17 14:01:49\" data-filename=\"Slider-14122016204238119-700x300.jpg\" data-slide-type=\"image\"><img loading=\"lazy\" decoding=\"async\" src=\"https:\/\/belginatalay.com\/wp-content\/uploads\/2025\/04\/Slider-14122016204238119-700x300.jpg\" height=\"300\" width=\"700\" alt=\"\" class=\"slider-231 slide-233 msDefaultImage\" title=\"Slider-14122016204238119\" \/><\/li>\n                <li style=\"display: none; width: 100%;\" class=\"slide-410 ms-image \" aria-roledescription=\"slide\" data-date=\"2025-04-17 20:27:52\" data-filename=\"WhatsApp-Gorsel-2025-04-17-saat-23.20.43_763ca03b-628x269.jpg\" data-slide-type=\"image\"><img loading=\"lazy\" decoding=\"async\" src=\"https:\/\/belginatalay.com\/wp-content\/uploads\/2025\/04\/WhatsApp-Gorsel-2025-04-17-saat-23.20.43_763ca03b-628x269.jpg\" height=\"300\" width=\"700\" alt=\"\" class=\"slider-231 slide-410 msDefaultImage\" title=\"WhatsApp G\u00f6rsel 2025-04-17 saat 23.20.43_763ca03b\" \/><\/li>\n                <li style=\"display: none; width: 100%;\" class=\"slide-432 ms-image \" aria-roledescription=\"slide\" data-date=\"2025-04-20 14:43:46\" data-filename=\"WhatsApp-Gorsel-2025-04-18-saat-00.38.36_530110bf-1-700x300.jpg\" data-slide-type=\"image\"><img loading=\"lazy\" decoding=\"async\" src=\"https:\/\/belginatalay.com\/wp-content\/uploads\/2025\/04\/WhatsApp-Gorsel-2025-04-18-saat-00.38.36_530110bf-1-700x300.jpg\" height=\"300\" width=\"700\" alt=\"\" class=\"slider-231 slide-432 msDefaultImage\" title=\"WhatsApp G\u00f6rsel 2025-04-18 saat 00.38.36_530110bf\" \/><\/li>\n                <li style=\"display: none; width: 100%;\" class=\"slide-434 ms-image \" aria-roledescription=\"slide\" data-date=\"2025-04-20 14:44:51\" data-filename=\"WhatsApp-Gorsel-2025-04-18-saat-00.38.37_1dff4072-1-700x300.jpg\" data-slide-type=\"image\"><img loading=\"lazy\" decoding=\"async\" src=\"https:\/\/belginatalay.com\/wp-content\/uploads\/2025\/04\/WhatsApp-Gorsel-2025-04-18-saat-00.38.37_1dff4072-1-700x300.jpg\" height=\"300\" width=\"700\" alt=\"\" class=\"slider-231 slide-434 msDefaultImage\" title=\"WhatsApp G\u00f6rsel 2025-04-18 saat 00.38.37_1dff4072\" \/><\/li>\n            <\/ul>\n        <\/div>\n        \n    <\/div>\n<\/div><\/div>\n\n\n\n<section style=\"background-color: #f5f5f5; padding: 60px 20px; text-align: center; font-family: 'Georgia', serif;\">\n  <h1 style=\"font-size: 40px; color: #2c2c2c; margin-bottom: 20px;\">\n    Belgin Atalay\u2019\u0131n Sanat ve \u015eifa D\u00fcnyas\u0131na Ho\u015f Geldiniz\n  <\/h1>\n  <p style=\"font-size: 18px; color: #555;\">\n    Sanatla ruhun, tarihle sezginin ve \u015fifayla \u0131\u015f\u0131\u011f\u0131n bulu\u015ftu\u011fu bu \u00f6zel yolculu\u011fa ad\u0131m at\u0131n.\n  <\/p>\n<\/section>\n\n\n\n<section style=\"padding: 40px; max-width: 900px; margin: auto; font-family: 'Georgia', serif; color: #333;\">\n  <h1 style=\"font-size: 36px; text-align: center; margin-bottom: 10px;\">Belgin Atalay<\/h1>\n  <h2 style=\"font-size: 18px; text-align: center; font-weight: normal; color: #777;\">\n    Sanat\u00e7\u0131 Ressam | Sanat Tarih\u00e7i | Arkeolog | Spiritual Astrolog | Ok\u00fcltist\n  <\/h2>\n  <hr style=\"margin: 30px auto; width: 60px; border: 1px solid #ccc;\">\n\n  <p style=\"font-size: 18px; line-height: 1.8;\">\n    <strong>Sanat\u0131n kadim bilgeli\u011fiyle birle\u015fti\u011fi bir yolculu\u011fa ho\u015f geldiniz.<\/strong>\n  <\/p>\n\n  <p style=\"font-size: 16px; line-height: 1.7;\">\n    Ben <strong>Belgin Atalay<\/strong>. Sanat\u0131n, tarihin, evrensel enerjilerin ve \u015fifan\u0131n i\u00e7 i\u00e7e ge\u00e7ti\u011fi bir ya\u015fam yolunun izleyicisiyim.\n  <\/p>\n\n  <p style=\"font-size: 16px; line-height: 1.7;\">\n    \u0130stanbul\u2019un k\u00fclt\u00fcrel zenginli\u011finde do\u011fan bu yolculuk; resimle, arkeolojiyle, ezoterik bilgilerle ve spirit\u00fcel fark\u0131ndal\u0131kla \u015fekillendi. \n    Ya\u011fl\u0131boyadan grav\u00fcre, vitraydan serami\u011fe uzanan eserlerim; yaln\u0131zca estetik de\u011fil, ayn\u0131 zamanda birer enerji alan\u0131, birer hik\u00e2ye ve bazen bir \u015fifa kap\u0131s\u0131d\u0131r.\n  <\/p>\n\n  <p style=\"font-size: 16px; line-height: 1.7;\">\n    Her f\u0131r\u00e7a darbesi, i\u00e7sel bir ke\u015ffin izini ta\u015f\u0131r. Her sergi, g\u00f6r\u00fcnmeyen \u00e2lemlerle kurulan bir ba\u011f\u0131n d\u0131\u015favurumudur.\n  <\/p>\n\n  <p style=\"font-size: 16px; line-height: 1.7;\">\n    Bu sayfada sizi; mitolojik d\u00fc\u015flerden ilhamla do\u011fan, fantastik realizmin renkleriyle yo\u011frulmu\u015f \u00f6zel bir evren bekliyor. \n    Duygularla, sezgilerle, tarihle ve bilgelikle dokunmu\u015f bu d\u00fcnyada; belki kendinize dair bir par\u00e7ayla da kar\u015f\u0131la\u015f\u0131rs\u0131n\u0131z.\n  <\/p>\n\n  <p style=\"font-size: 18px; font-style: italic; margin-top: 30px;\">Ho\u015f geldiniz, birlikte ke\u015ffetmeye ba\u015flayal\u0131m&#8230;<\/p>\n<\/section>\n","protected":false},"excerpt":{"rendered":"<p>Belgin Atalay\u2019\u0131n Sanat ve \u015eifa D\u00fcnyas\u0131na Ho\u015f Geldiniz Sanatla ruhun, tarihle sezginin ve \u015fifayla \u0131\u015f\u0131\u011f\u0131n bulu\u015ftu\u011fu bu \u00f6zel yolculu\u011fa ad\u0131m at\u0131n. Belgin Atalay Sanat\u00e7\u0131 Ressam | Sanat Tarih\u00e7i | Arkeolog | Spiritual Astrolog | Ok\u00fcltist &hellip; <\/p>\n","protected":false},"author":1,"featured_media":0,"parent":0,"menu_order":0,"comment_status":"closed","ping_status":"closed","template":"","meta":{"footnotes":""},"class_list":["post-172","page","type-page","status-publish","hentry"],"_links":{"self":[{"href":"https:\/\/belginatalay.com\/index.php\/wp-json\/wp\/v2\/pages\/172","targetHints":{"allow":["GET"]}}],"collection":[{"href":"https:\/\/belginatalay.com\/index.php\/wp-json\/wp\/v2\/pages"}],"about":[{"href":"https:\/\/belginatalay.com\/index.php\/wp-json\/wp\/v2\/types\/page"}],"author":[{"embeddable":true,"href":"https:\/\/belginatalay.com\/index.php\/wp-json\/wp\/v2\/users\/1"}],"replies":[{"embeddable":true,"href":"https:\/\/belginatalay.com\/index.php\/wp-json\/wp\/v2\/comments?post=172"}],"version-history":[{"count":7,"href":"https:\/\/belginatalay.com\/index.php\/wp-json\/wp\/v2\/pages\/172\/revisions"}],"predecessor-version":[{"id":435,"href":"https:\/\/belginatalay.com\/index.php\/wp-json\/wp\/v2\/pages\/172\/revisions\/435"}],"wp:attachment":[{"href":"https:\/\/belginatalay.com\/index.php\/wp-json\/wp\/v2\/media?parent=172"}],"curies":[{"name":"wp","href":"https:\/\/api.w.org\/{rel}","templated":true}]}}